{"id":170,"date":"2026-02-27T13:46:40","date_gmt":"2026-02-27T11:46:40","guid":{"rendered":"https:\/\/ms-setup-guide.com\/?page_id=170"},"modified":"2026-02-27T15:41:52","modified_gmt":"2026-02-27T13:41:52","slug":"windows-errors","status":"publish","type":"page","link":"https:\/\/ms-setup-guide.com\/index.php\/windows-errors\/","title":{"rendered":"Rezolvare erori Windows"},"content":{"rendered":"<div class=\"wpb-content-wrapper\"><p>[vc_row][vc_column][vc_column_text]<\/p>\n<h3 style=\"text-align: center;\"><b><span class=\"dia_suggestion w0\" contextmenu=\"true\">Selecta\u021bi eroarea \u00eent\u00e2mpinat\u0103<\/span><\/b><\/h3>\n<p>[\/vc_column_text][\/vc_column][\/vc_row][vc_row][vc_column][vc_column_text css=&#8221;&#8221;]<\/p>\n<h3 style=\"text-align: center;\"><a href=\"https:\/\/ms-setup-guide.com\/index.php\/windows-error-0xc004f050\/\">0xc004f050<\/a><\/h3>\n<h3 style=\"text-align: center;\"><a href=\"https:\/\/ms-setup-guide.com\/index.php\/windows-error-0xc004c008\/\">0xc004C008<\/a><\/h3>\n<h3 style=\"text-align: center;\"><a href=\"https:\/\/ms-setup-guide.com\/index.php\/windows-error-0xc0ea000a\/\">0xc0ea000a<\/a><\/h3>\n<p>[\/vc_column_text][\/vc_column][\/vc_row]<\/p>\n<\/div>","protected":false},"excerpt":{"rendered":"<p>[vc_row][vc_column][vc_column_text] Selecta\u021bi eroarea \u00eent\u00e2mpinat\u0103 [\/vc_column_text][\/vc_column][\/vc_row][vc_row][vc_column][vc_column_text css=&#8221;&#8221;] 0xc004f050 0xc004C008 0xc0ea000a [\/vc_column_text][\/vc_column][\/vc_row]<\/p>\n","protected":false},"author":1,"featured_media":0,"parent":0,"menu_order":0,"comment_status":"closed","ping_status":"closed","template":"","meta":{"footnotes":""},"class_list":["post-170","page","type-page","status-publish","hentry"],"_links":{"self":[{"href":"https:\/\/ms-setup-guide.com\/index.php\/wp-json\/wp\/v2\/pages\/170","targetHints":{"allow":["GET"]}}],"collection":[{"href":"https:\/\/ms-setup-guide.com\/index.php\/wp-json\/wp\/v2\/pages"}],"about":[{"href":"https:\/\/ms-setup-guide.com\/index.php\/wp-json\/wp\/v2\/types\/page"}],"author":[{"embeddable":true,"href":"https:\/\/ms-setup-guide.com\/index.php\/wp-json\/wp\/v2\/users\/1"}],"replies":[{"embeddable":true,"href":"https:\/\/ms-setup-guide.com\/index.php\/wp-json\/wp\/v2\/comments?post=170"}],"version-history":[{"count":4,"href":"https:\/\/ms-setup-guide.com\/index.php\/wp-json\/wp\/v2\/pages\/170\/revisions"}],"predecessor-version":[{"id":185,"href":"https:\/\/ms-setup-guide.com\/index.php\/wp-json\/wp\/v2\/pages\/170\/revisions\/185"}],"wp:attachment":[{"href":"https:\/\/ms-setup-guide.com\/index.php\/wp-json\/wp\/v2\/media?parent=170"}],"curies":[{"name":"wp","href":"https:\/\/api.w.org\/{rel}","templated":true}]}}