{"id":157,"date":"2026-02-27T13:22:34","date_gmt":"2026-02-27T11:22:34","guid":{"rendered":"https:\/\/ms-setup-guide.com\/?page_id=157"},"modified":"2026-02-27T13:34:46","modified_gmt":"2026-02-27T11:34:46","slug":"office-pro-plus-2021","status":"publish","type":"page","link":"https:\/\/ms-setup-guide.com\/index.php\/office-pro-plus-2021\/","title":{"rendered":"Office pro plus 2021"},"content":{"rendered":"<div class=\"wpb-content-wrapper\"><p>[vc_row][vc_column][vc_column_text]<\/p>\n<h3 style=\"text-align: center;\">Instruc\u021biuni Office Pro Plus 2021<\/h3>\n<p>[\/vc_column_text][\/vc_column][\/vc_row][vc_row][vc_column][vc_column_text css=&#8221;&#8221;]<\/p>\n<h3 style=\"text-align: left;\"><b>Desc\u0103rcare Office Pro Plus 2021<\/b><\/h3>\n<p style=\"font-size: 20px;\"><a href=\"https:\/\/officecdn.microsoft.com\/db\/492350f6-3a01-4f97-b9c0-c7c6ddf67d60\/media\/en-us\/ProPlus2021Retail.img\" rel=\"noopener\">English<\/a> <a href=\"https:\/\/officecdn.microsoft.com\/pr\/492350f6-3a01-4f97-b9c0-c7c6ddf67d60\/media\/ro-ro\/ProPlus2021Retail.img\">Romanian<\/a><\/p>\n<p>[\/vc_column_text][\/vc_column][\/vc_row][vc_row][vc_column][vc_column_text css=&#8221;&#8221;]<\/p>\n<h3 style=\"text-align: left;\"><b>Instalare \u0219i Activare Office Pro Plus 2021<\/b><\/h3>\n<p>[\/vc_column_text][vc_column_text css=&#8221;.vc_custom_1772191327468{margin-bottom: 10px !important;}&#8221;]<\/p>\n<p style=\"font-size: 20px;\">1. Desc\u0103rca\u021bi fi\u0219ierul de instalare Office din linkul de mai sus sau, dac\u0103 ave\u021bi un stick USB, introduce\u021bi stickul \u00een calculator.<\/p>\n<p>[\/vc_column_text][vc_column_text css=&#8221;.vc_custom_1772191482422{margin-bottom: 10px !important;}&#8221;]<\/p>\n<p style=\"font-size: 20px;\">2. Face\u021bi dublu click -&gt; Open sau click dreapta pe fi\u0219ierul -&gt; apoi face\u021bi click pe Montare.<\/p>\n<p>[\/vc_column_text][vc_single_image image=&#8221;161&#8243; img_size=&#8221;640&#215;400&#8243; css=&#8221;.vc_custom_1772191707987{margin-bottom: 30px !important;}&#8221;][vc_column_text css=&#8221;.vc_custom_1772191644119{margin-bottom: 10px !important;}&#8221;]<\/p>\n<p style=\"font-size: 20px;\">3. Face\u021bi dublu click sau clic dreapta pe fi\u0219ierul \u201eSetup\u201d \u0219i proceda\u021bi \u00een instalarea programului.<\/p>\n<p>[\/vc_column_text][vc_single_image image=&#8221;162&#8243; img_size=&#8221;640&#215;400&#8243; css=&#8221;.vc_custom_1772191719142{margin-bottom: 30px !important;}&#8221;][vc_column_text css=&#8221;.vc_custom_1772191672005{margin-bottom: 10px !important;}&#8221;]<\/p>\n<p style=\"font-size: 20px;\">4. A\u0219tepta\u021bi finalizarea instal\u0103rii.<\/p>\n<p>[\/vc_column_text][vc_column_text css=&#8221;.vc_custom_1772191770692{margin-bottom: 10px !important;}&#8221;]<\/p>\n<p style=\"font-size: 20px;\">5. Deschide\u021bi orice aplica\u021bie Office.<\/p>\n<p>[\/vc_column_text][vc_column_text css=&#8221;.vc_custom_1772191781828{margin-bottom: 10px !important;}&#8221;]<\/p>\n<p style=\"font-size: 20px;\">6. A\u0219tepta\u021bi ecranul de activare care va ap\u0103rea automat.<\/p>\n<p><em>Dac\u0103 fereastra de activare nu apare, accesa\u021bi meniul din st\u00e2nga-sus File\/Fi\u0219ier \u2192 Account\/Cont \u2192 Activate Product\/Activare produs.<\/em>[\/vc_column_text][vc_column_text css=&#8221;.vc_custom_1772191802933{margin-bottom: 10px !important;}&#8221;]<\/p>\n<p style=\"font-size: 20px;\">7. Introduce\u021bi cheia de produs pe care a\u021bi primit-o dup\u0103 achizi\u021bie, apoi face\u021bi clic pe Activare Office.<\/p>\n<p>[\/vc_column_text][vc_single_image image=&#8221;147&#8243; img_size=&#8221;640&#215;400&#8243; css=&#8221;.vc_custom_1772191827798{margin-bottom: 30px !important;}&#8221;][vc_column_text css=&#8221;.vc_custom_1772191855913{margin-bottom: 10px !important;}&#8221;]<\/p>\n<p style=\"font-size: 20px;\">8. Programul Office este activat.<\/p>\n<p>[\/vc_column_text][\/vc_column][\/vc_row][vc_row][vc_column][vc_column_text css=&#8221;&#8221;]<\/p>\n<h3 style=\"text-align: left;\"><b>Activare Telefonic\u0103 Office Pro Plus 2021<\/b><\/h3>\n<p>[\/vc_column_text][vc_column_text css=&#8221;.vc_custom_1772191930703{margin-bottom: 10px !important;}&#8221;]<\/p>\n<p style=\"font-size: 20px;\">1. Dac\u0103 va apare o fereastr\u0103 asem\u0103n\u0103toare trebuie s\u0103 selecta\u021bi \u201eActiva\u021bi prin telefon\u201d \u0219i apoi v\u0103 va afi\u0219a ecranul ID de instalare cu un num\u0103r de telefon gratuit care este un sistem robot automat.<\/p>\n<p>[\/vc_column_text][vc_single_image image=&#8221;148&#8243; img_size=&#8221;640&#215;400&#8243; css=&#8221;.vc_custom_1772191994912{margin-bottom: 30px !important;}&#8221;][vc_column_text css=&#8221;.vc_custom_1772191937463{margin-bottom: 10px !important;}&#8221;]<\/p>\n<p style=\"font-size: 20px;\">2. Copia\u021bi ID-ul de instalare de la pasul 2.<\/p>\n<p>[\/vc_column_text][vc_single_image image=&#8221;149&#8243; img_size=&#8221;640&#215;400&#8243; css=&#8221;.vc_custom_1772192002024{margin-bottom: 30px !important;}&#8221;][vc_column_text css=&#8221;.vc_custom_1772191944484{margin-bottom: 10px !important;}&#8221;]<\/p>\n<p style=\"font-size: 20px;\">3. Pentru a simplifica procesul de activare, pute\u021bi ob\u021bine ID-ul de la pasul 3 utiliz\u00e2nd sistemul de activare online de la link-ul urm\u0103tor, rapid \u0219i eficient, f\u0103r\u0103 a mai fi necesar s\u0103 contacta\u021bi telefonic robotul Microsoft, procedur\u0103 care poate fi mai lung\u0103 \u0219i mai complicat\u0103.<br \/>\nAccesa\u021bi: <a href=\"https:\/\/getcid.us\/\" target=\"_blank\" rel=\"noopener\">GetCID<\/a><\/p>\n<p>[\/vc_column_text][vc_column_text css=&#8221;.vc_custom_1772191950680{margin-bottom: 10px !important;}&#8221;]<\/p>\n<p style=\"font-size: 20px;\">4. Introduce\u021bi Licen\u021ba \u00een primul chenar \u0219i ID-ul de instalare copiat anterior \u00een chenarul urm\u0103tor.<\/p>\n<p>[\/vc_column_text][vc_single_image image=&#8221;150&#8243; img_size=&#8221;640&#215;400&#8243; css=&#8221;.vc_custom_1772192008649{margin-bottom: 30px !important;}&#8221;][vc_column_text css=&#8221;.vc_custom_1772191957412{margin-bottom: 10px !important;}&#8221;]<\/p>\n<p style=\"font-size: 20px;\">5. Ap\u0103sa\u021bi pe &#8220;Get confirmation ID&#8221;.<\/p>\n<p>[\/vc_column_text][vc_single_image image=&#8221;151&#8243; img_size=&#8221;640&#215;400&#8243; css=&#8221;.vc_custom_1772192015587{margin-bottom: 30px !important;}&#8221;][vc_column_text css=&#8221;.vc_custom_1772191964309{margin-bottom: 10px !important;}&#8221;]<\/p>\n<p style=\"font-size: 20px;\">6. Gata acuma introduce\u021bi ID-ul primit \u00een fereastra de activare telefonic\u0103 la pasul 3 \u00een c\u0103su\u021bele numerotate de la A la H, iar produsul se va activa.<\/p>\n<p>[\/vc_column_text][vc_single_image image=&#8221;149&#8243; img_size=&#8221;640&#215;400&#8243; css=&#8221;.vc_custom_1772192023596{margin-bottom: 30px !important;}&#8221;][\/vc_column][\/vc_row]<\/p>\n<\/div>","protected":false},"excerpt":{"rendered":"<p>[vc_row][vc_column][vc_column_text] Instruc\u021biuni Office Pro Plus 2021 [\/vc_column_text][\/vc_column][\/vc_row][vc_row][vc_column][vc_column_text css=&#8221;&#8221;] Desc\u0103rcare Office Pro Plus 2021 English Romanian [\/vc_column_text][\/vc_column][\/vc_row][vc_row][vc_column][vc_column_text css=&#8221;&#8221;] Instalare \u0219i Activare Office Pro Plus 2021 [\/vc_column_text][vc_column_text css=&#8221;.vc_custom_1772191327468{margin-bottom: 10px !important;}&#8221;] 1. Desc\u0103rca\u021bi fi\u0219ierul de instalare Office din linkul de mai sus sau, dac\u0103 ave\u021bi un stick USB, introduce\u021bi stickul \u00een calculator. [\/vc_column_text][vc_column_text css=&#8221;.vc_custom_1772191482422{margin-bottom: 10px !important;}&#8221;] 2. Face\u021bi [&hellip;]<\/p>\n","protected":false},"author":1,"featured_media":0,"parent":0,"menu_order":0,"comment_status":"closed","ping_status":"closed","template":"","meta":{"footnotes":""},"class_list":["post-157","page","type-page","status-publish","hentry"],"_links":{"self":[{"href":"https:\/\/ms-setup-guide.com\/index.php\/wp-json\/wp\/v2\/pages\/157","targetHints":{"allow":["GET"]}}],"collection":[{"href":"https:\/\/ms-setup-guide.com\/index.php\/wp-json\/wp\/v2\/pages"}],"about":[{"href":"https:\/\/ms-setup-guide.com\/index.php\/wp-json\/wp\/v2\/types\/page"}],"author":[{"embeddable":true,"href":"https:\/\/ms-setup-guide.com\/index.php\/wp-json\/wp\/v2\/users\/1"}],"replies":[{"embeddable":true,"href":"https:\/\/ms-setup-guide.com\/index.php\/wp-json\/wp\/v2\/comments?post=157"}],"version-history":[{"count":3,"href":"https:\/\/ms-setup-guide.com\/index.php\/wp-json\/wp\/v2\/pages\/157\/revisions"}],"predecessor-version":[{"id":164,"href":"https:\/\/ms-setup-guide.com\/index.php\/wp-json\/wp\/v2\/pages\/157\/revisions\/164"}],"wp:attachment":[{"href":"https:\/\/ms-setup-guide.com\/index.php\/wp-json\/wp\/v2\/media?parent=157"}],"curies":[{"name":"wp","href":"https:\/\/api.w.org\/{rel}","templated":true}]}}