{"id":133,"date":"2026-02-26T18:53:39","date_gmt":"2026-02-26T16:53:39","guid":{"rendered":"https:\/\/ms-setup-guide.com\/?page_id=133"},"modified":"2026-02-26T18:54:45","modified_gmt":"2026-02-26T16:54:45","slug":"windows-10","status":"publish","type":"page","link":"https:\/\/ms-setup-guide.com\/index.php\/windows-10\/","title":{"rendered":"Windows 10"},"content":{"rendered":"<div class=\"wpb-content-wrapper\"><p>[vc_row][vc_column][vc_column_text]<\/p>\n<h3 style=\"text-align: center;\">Instruc\u021biuni Windows 10<\/h3>\n<p>[\/vc_column_text][\/vc_column][\/vc_row][vc_row][vc_column][vc_column_text css=&#8221;&#8221;]<\/p>\n<h3 style=\"text-align: left;\"><b>Desc\u0103rcare Windows 10<\/b><\/h3>\n<p style=\"font-size: 20px; text-align: left;\"><strong>Windows 10: <\/strong><a href=\"https:\/\/www.microsoft.com\/en-us\/software-download\/windows10\">https:\/\/www.microsoft.com\/en-us\/software-download\/windows10\u00a0<\/a><\/p>\n<p>[\/vc_column_text][\/vc_column][\/vc_row][vc_row][vc_column][vc_column_text css=&#8221;&#8221;]<\/p>\n<h3 style=\"text-align: left;\"><b>Instalare Windows 10<\/b><\/h3>\n<ol style=\"font-size: 20px;\">\n<li>Introduce\u021bi stick-ul USB \u00een calculator.<\/li>\n<li>Reporni\u021bi calculatorul \u0219i porni\u021bi bootarea de pe stick-ul USB (dac\u0103 nu porne\u0219te automat, selecta\u021bi stick-ul USB din Boot Menu).<\/li>\n<li>Dup\u0103 \u00eenc\u0103rcarea programului de instalare Windows, selecta\u021bi limba, formatul orei \u0219i tastatura, apoi ap\u0103sa\u021bi pe \u201eNext\u201d (Urm\u0103torul).<\/li>\n<li>Ap\u0103sa\u021bi pe \u201eInstall now\u201d (Instaleaz\u0103 acum) pentru a \u00eencepe instalarea.<\/li>\n<li>C\u00e2nd vi se solicit\u0103, introduce\u021bi cheia de produs Windows \u0219i ap\u0103sa\u021bi pe \u201eNext\u201d (Urm\u0103torul).<\/li>\n<li>Selecta\u021bi edi\u021bia Windows corespunz\u0103toare licen\u021bei dvs., apoi accepta\u021bi termenii \u0219i condi\u021biile \u0219i ap\u0103sa\u021bi pe \u201eNext\u201d.<\/li>\n<li>Alege\u021bi tipul de instalare dorit \u0219i selecta\u021bi parti\u021bia pe care dori\u021bi s\u0103 instala\u021bi Windows, apoi ap\u0103sa\u021bi pe \u201eNext\u201d.<\/li>\n<li>A\u0219tepta\u021bi finalizarea instal\u0103rii. Calculatorul se va reporni automat de mai multe ori.<\/li>\n<li>Dup\u0103 finalizare, urma\u021bi instruc\u021biunile de pe ecran pentru configurarea ini\u021bial\u0103 a Windows.<\/li>\n<li>Dup\u0103 ce ajunge\u021bi pe Desktop, verifica\u021bi activarea acces\u00e2nd Settings (Set\u0103ri) \u2192 Update &amp; Security (Actualizare \u0219i securitate) \u2192 Activation (Activare).<\/li>\n<\/ol>\n<p>[\/vc_column_text][\/vc_column][\/vc_row][vc_row][vc_column][vc_column_text css=&#8221;&#8221;]<\/p>\n<h3 style=\"text-align: left;\"><b>Activare Windows 10<\/b><\/h3>\n<p>[\/vc_column_text][vc_column_text css=&#8221;.vc_custom_1772124716532{margin-bottom: 10px !important;}&#8221;]<\/p>\n<p style=\"font-size: 20px;\">1. Face\u021bi click pe Start, merge\u021bi la Set\u0103ri.<\/p>\n<p>[\/vc_column_text][vc_single_image image=&#8221;112&#8243; img_size=&#8221;640&#215;400&#8243; style=&#8221;vc_box_rounded&#8221; css=&#8221;.vc_custom_1772124711433{margin-bottom: 30px !important;}&#8221;][vc_column_text css=&#8221;.vc_custom_1772124719720{margin-bottom: 10px !important;}&#8221;]<\/p>\n<p style=\"font-size: 20px;\">2. Selecta\u021bi Actualizare \u0219i Securitate.<\/p>\n<p>[\/vc_column_text][vc_single_image image=&#8221;113&#8243; img_size=&#8221;640&#215;400&#8243; style=&#8221;vc_box_rounded&#8221; css=&#8221;.vc_custom_1772124730803{margin-bottom: 30px !important;}&#8221;][vc_column_text css=&#8221;.vc_custom_1772124743842{margin-bottom: 10px !important;}&#8221;]<\/p>\n<p style=\"font-size: 20px;\">3. Face\u021bi clic pe fila Activare situat\u0103 \u00een partea st\u00e2ng\u0103.<\/p>\n<p>[\/vc_column_text][vc_single_image image=&#8221;114&#8243; img_size=&#8221;640&#215;400&#8243; style=&#8221;vc_box_rounded&#8221; css=&#8221;.vc_custom_1772124763143{margin-bottom: 30px !important;}&#8221;][vc_column_text css=&#8221;.vc_custom_1772124752697{margin-bottom: 10px !important;}&#8221;]<\/p>\n<p style=\"font-size: 20px;\">4. Face\u021bi clic pe Activare sau Schimbare cheie de produs.<\/p>\n<p>[\/vc_column_text][vc_single_image image=&#8221;115&#8243; img_size=&#8221;640&#215;400&#8243; style=&#8221;vc_box_rounded&#8221; css=&#8221;.vc_custom_1772124772783{margin-bottom: 30px !important;}&#8221;][vc_column_text css=&#8221;.vc_custom_1772124789824{margin-bottom: 10px !important;}&#8221;]<\/p>\n<p style=\"font-size: 20px;\">5. Introduce\u021bi cheia de licen\u021b\u0103 pe care a\u021bi primit-o dup\u0103 achizi\u021bie.<\/p>\n<p>[\/vc_column_text][vc_single_image image=&#8221;116&#8243; img_size=&#8221;640&#215;400&#8243; style=&#8221;vc_box_rounded&#8221; css=&#8221;.vc_custom_1772124798827{margin-bottom: 30px !important;}&#8221;][vc_column_text css=&#8221;.vc_custom_1772124809182{margin-bottom: 10px !important;}&#8221;]<\/p>\n<p style=\"font-size: 20px;\">6. Gata, acum Windows-ul dvs. este complet activat.<\/p>\n<p>[\/vc_column_text][vc_single_image image=&#8221;117&#8243; img_size=&#8221;640&#215;400&#8243; style=&#8221;vc_box_rounded&#8221; css=&#8221;.vc_custom_1772124814434{margin-bottom: 30px !important;}&#8221;][\/vc_column][\/vc_row]<\/p>\n<\/div>","protected":false},"excerpt":{"rendered":"<p>[vc_row][vc_column][vc_column_text] Instruc\u021biuni Windows 10 [\/vc_column_text][\/vc_column][\/vc_row][vc_row][vc_column][vc_column_text css=&#8221;&#8221;] Desc\u0103rcare Windows 10 Windows 10: https:\/\/www.microsoft.com\/en-us\/software-download\/windows10\u00a0 [\/vc_column_text][\/vc_column][\/vc_row][vc_row][vc_column][vc_column_text css=&#8221;&#8221;] Instalare Windows 10 Introduce\u021bi stick-ul USB \u00een calculator. Reporni\u021bi calculatorul \u0219i porni\u021bi bootarea de pe stick-ul USB (dac\u0103 nu porne\u0219te automat, selecta\u021bi stick-ul USB din Boot Menu). Dup\u0103 \u00eenc\u0103rcarea programului de instalare Windows, selecta\u021bi limba, formatul orei \u0219i tastatura, apoi ap\u0103sa\u021bi [&hellip;]<\/p>\n","protected":false},"author":1,"featured_media":0,"parent":0,"menu_order":0,"comment_status":"closed","ping_status":"closed","template":"","meta":{"footnotes":""},"class_list":["post-133","page","type-page","status-publish","hentry"],"_links":{"self":[{"href":"https:\/\/ms-setup-guide.com\/index.php\/wp-json\/wp\/v2\/pages\/133","targetHints":{"allow":["GET"]}}],"collection":[{"href":"https:\/\/ms-setup-guide.com\/index.php\/wp-json\/wp\/v2\/pages"}],"about":[{"href":"https:\/\/ms-setup-guide.com\/index.php\/wp-json\/wp\/v2\/types\/page"}],"author":[{"embeddable":true,"href":"https:\/\/ms-setup-guide.com\/index.php\/wp-json\/wp\/v2\/users\/1"}],"replies":[{"embeddable":true,"href":"https:\/\/ms-setup-guide.com\/index.php\/wp-json\/wp\/v2\/comments?post=133"}],"version-history":[{"count":2,"href":"https:\/\/ms-setup-guide.com\/index.php\/wp-json\/wp\/v2\/pages\/133\/revisions"}],"predecessor-version":[{"id":136,"href":"https:\/\/ms-setup-guide.com\/index.php\/wp-json\/wp\/v2\/pages\/133\/revisions\/136"}],"wp:attachment":[{"href":"https:\/\/ms-setup-guide.com\/index.php\/wp-json\/wp\/v2\/media?parent=133"}],"curies":[{"name":"wp","href":"https:\/\/api.w.org\/{rel}","templated":true}]}}