{"id":124,"date":"2026-02-26T18:41:23","date_gmt":"2026-02-26T16:41:23","guid":{"rendered":"https:\/\/ms-setup-guide.com\/?page_id=124"},"modified":"2026-02-26T18:47:43","modified_gmt":"2026-02-26T16:47:43","slug":"windows-11","status":"publish","type":"page","link":"https:\/\/ms-setup-guide.com\/index.php\/windows-11\/","title":{"rendered":"Windows 11"},"content":{"rendered":"<div class=\"wpb-content-wrapper\"><p>[vc_row][vc_column][vc_column_text]<\/p>\n<h3 style=\"text-align: center;\">Instruc\u021biuni Windows 11<\/h3>\n<p>[\/vc_column_text][\/vc_column][\/vc_row][vc_row][vc_column][vc_column_text css=&#8221;&#8221;]<\/p>\n<h3 style=\"text-align: left;\"><b>Desc\u0103rcare Windows 11<\/b><\/h3>\n<p style=\"font-size: 20px; text-align: left;\"><strong>Windows 11: <\/strong><a href=\"https:\/\/www.microsoft.com\/ro-ro\/software-download\/windows11\">https:\/\/www.microsoft.com\/ro-ro\/software-download\/windows11\u00a0<\/a><\/p>\n<p>[\/vc_column_text][\/vc_column][\/vc_row][vc_row][vc_column][vc_column_text css=&#8221;&#8221;]<\/p>\n<h3 style=\"text-align: left;\"><b>Instalare Windows 11<\/b><\/h3>\n<ol style=\"font-size: 20px;\">\n<li>Introduce\u021bi stick-ul USB \u00een calculator.<\/li>\n<li>Reporni\u021bi calculatorul \u0219i porni\u021bi bootarea de pe stick-ul USB (dac\u0103 nu porne\u0219te automat, selecta\u021bi stick-ul USB din Boot Menu).<\/li>\n<li>Dup\u0103 \u00eenc\u0103rcarea programului de instalare Windows, selecta\u021bi limba, formatul orei \u0219i tastatura, apoi ap\u0103sa\u021bi pe \u201eNext\u201d (Urm\u0103torul).<\/li>\n<li>Ap\u0103sa\u021bi pe \u201eInstall now\u201d (Instaleaz\u0103 acum) pentru a \u00eencepe instalarea.<\/li>\n<li>C\u00e2nd vi se solicit\u0103, introduce\u021bi cheia de produs Windows \u0219i ap\u0103sa\u021bi pe \u201eNext\u201d (Urm\u0103torul).<\/li>\n<li>Selecta\u021bi edi\u021bia Windows corespunz\u0103toare licen\u021bei dvs., apoi accepta\u021bi termenii \u0219i condi\u021biile \u0219i ap\u0103sa\u021bi pe \u201eNext\u201d.<\/li>\n<li>Alege\u021bi tipul de instalare dorit \u0219i selecta\u021bi parti\u021bia pe care dori\u021bi s\u0103 instala\u021bi Windows, apoi ap\u0103sa\u021bi pe \u201eNext\u201d.<\/li>\n<li>A\u0219tepta\u021bi finalizarea instal\u0103rii. Calculatorul se va reporni automat de mai multe ori.<\/li>\n<li>Dup\u0103 finalizare, urma\u021bi instruc\u021biunile de pe ecran pentru configurarea ini\u021bial\u0103 a Windows.<\/li>\n<li>Dup\u0103 ce ajunge\u021bi pe Desktop, verifica\u021bi activarea acces\u00e2nd Settings (Set\u0103ri) \u2192 Update &amp; Security (Actualizare \u0219i securitate) \u2192 Activation (Activare).<\/li>\n<\/ol>\n<p>[\/vc_column_text][\/vc_column][\/vc_row][vc_row][vc_column][vc_column_text css=&#8221;&#8221;]<\/p>\n<h3 style=\"text-align: left;\"><b>Activare Windows 11<\/b><\/h3>\n<p>[\/vc_column_text][vc_column_text css=&#8221;.vc_custom_1772124447509{margin-bottom: 10px !important;}&#8221;]<\/p>\n<p style=\"font-size: 20px;\">1. Face\u021bi click pe Start, merge\u021bi la Set\u0103ri.<\/p>\n<p>[\/vc_column_text][vc_single_image image=&#8221;77&#8243; img_size=&#8221;640&#215;400&#8243; style=&#8221;vc_box_rounded&#8221; css=&#8221;.vc_custom_1772124426023{margin-bottom: 30px !important;}&#8221;][vc_column_text css=&#8221;.vc_custom_1772124450789{margin-bottom: 10px !important;}&#8221;]<\/p>\n<p style=\"font-size: 20px;\">2. Face\u021bi click pe Sistem -&gt; Activare.<\/p>\n<p>[\/vc_column_text][vc_single_image image=&#8221;88&#8243; img_size=&#8221;640&#215;400&#8243; style=&#8221;vc_box_rounded&#8221; css=&#8221;.vc_custom_1772124430563{margin-bottom: 30px !important;}&#8221;][vc_column_text css=&#8221;.vc_custom_1772124454876{margin-bottom: 10px !important;}&#8221;]<\/p>\n<p style=\"font-size: 20px;\">3. Face\u021bi click pe Activare (Schimbare cheie de produs).<\/p>\n<p>[\/vc_column_text][vc_single_image image=&#8221;89&#8243; img_size=&#8221;640&#215;400&#8243; style=&#8221;vc_box_rounded&#8221; css=&#8221;.vc_custom_1772124435709{margin-bottom: 30px !important;}&#8221;][vc_column_text css=&#8221;.vc_custom_1772124458610{margin-bottom: 10px !important;}&#8221;]<\/p>\n<p style=\"font-size: 20px;\">4. Introduce\u021bi cheia de licen\u021b\u0103 pe care a\u021bi primit-o dup\u0103 achizi\u021bie.<\/p>\n<p>[\/vc_column_text][vc_single_image image=&#8221;90&#8243; img_size=&#8221;640&#215;400&#8243; style=&#8221;vc_box_rounded&#8221; css=&#8221;.vc_custom_1772124439400{margin-bottom: 30px !important;}&#8221;][vc_column_text css=&#8221;.vc_custom_1772124462591{margin-bottom: 10px !important;}&#8221;]<\/p>\n<p style=\"font-size: 20px;\">5. Gata, acum Windows-ul dvs. este complet activat \u0219i ve\u021bi avea acces la func\u021biile Premium.<\/p>\n<p>[\/vc_column_text][vc_single_image image=&#8221;91&#8243; img_size=&#8221;640&#215;400&#8243; style=&#8221;vc_box_rounded&#8221; css=&#8221;.vc_custom_1772124443208{margin-bottom: 30px !important;}&#8221;][\/vc_column][\/vc_row]<\/p>\n<\/div>","protected":false},"excerpt":{"rendered":"<p>[vc_row][vc_column][vc_column_text] Instruc\u021biuni Windows 11 [\/vc_column_text][\/vc_column][\/vc_row][vc_row][vc_column][vc_column_text css=&#8221;&#8221;] Desc\u0103rcare Windows 11 Windows 11: https:\/\/www.microsoft.com\/ro-ro\/software-download\/windows11\u00a0 [\/vc_column_text][\/vc_column][\/vc_row][vc_row][vc_column][vc_column_text css=&#8221;&#8221;] Instalare Windows 11 Introduce\u021bi stick-ul USB \u00een calculator. Reporni\u021bi calculatorul \u0219i porni\u021bi bootarea de pe stick-ul USB (dac\u0103 nu porne\u0219te automat, selecta\u021bi stick-ul USB din Boot Menu). Dup\u0103 \u00eenc\u0103rcarea programului de instalare Windows, selecta\u021bi limba, formatul orei \u0219i tastatura, apoi ap\u0103sa\u021bi [&hellip;]<\/p>\n","protected":false},"author":1,"featured_media":0,"parent":0,"menu_order":0,"comment_status":"closed","ping_status":"closed","template":"","meta":{"footnotes":""},"class_list":["post-124","page","type-page","status-publish","hentry"],"_links":{"self":[{"href":"https:\/\/ms-setup-guide.com\/index.php\/wp-json\/wp\/v2\/pages\/124","targetHints":{"allow":["GET"]}}],"collection":[{"href":"https:\/\/ms-setup-guide.com\/index.php\/wp-json\/wp\/v2\/pages"}],"about":[{"href":"https:\/\/ms-setup-guide.com\/index.php\/wp-json\/wp\/v2\/types\/page"}],"author":[{"embeddable":true,"href":"https:\/\/ms-setup-guide.com\/index.php\/wp-json\/wp\/v2\/users\/1"}],"replies":[{"embeddable":true,"href":"https:\/\/ms-setup-guide.com\/index.php\/wp-json\/wp\/v2\/comments?post=124"}],"version-history":[{"count":5,"href":"https:\/\/ms-setup-guide.com\/index.php\/wp-json\/wp\/v2\/pages\/124\/revisions"}],"predecessor-version":[{"id":130,"href":"https:\/\/ms-setup-guide.com\/index.php\/wp-json\/wp\/v2\/pages\/124\/revisions\/130"}],"wp:attachment":[{"href":"https:\/\/ms-setup-guide.com\/index.php\/wp-json\/wp\/v2\/media?parent=124"}],"curies":[{"name":"wp","href":"https:\/\/api.w.org\/{rel}","templated":true}]}}